{"id":6877,"date":"2025-04-11T01:53:16","date_gmt":"2025-04-11T00:53:16","guid":{"rendered":"https:\/\/sushi.lu\/home\/"},"modified":"2025-07-28T16:20:34","modified_gmt":"2025-07-28T14:20:34","slug":"home","status":"publish","type":"page","link":"https:\/\/sushi.lu\/fr\/","title":{"rendered":"Home"},"content":{"rendered":"<h2 class=\"wp-block-heading has-text-align-center has-text-color\" style=\"color:#3c4858\">\u00c0 propos de Sushi in Luxembourg<\/h2>\n\n\n\n<p><strong>sushi.lu<\/strong> Le \"sushi in Luxembourg\" est le berceau de la culture sushi au Luxembourg \u2014 un lieu o\u00f9 tradition rime avec passion. Au-del\u00e0 de nos restaurants prim\u00e9s, nous proposons des ateliers immersifs de cr\u00e9ation de sushi anim\u00e9s par des chefs d'exception. Que ce soit pour des \u00e9v\u00e9nements d'entreprise ou des groupes priv\u00e9s, sushi.lu vous invite \u00e0 d\u00e9couvrir l'art, la rigueur et la beaut\u00e9 cach\u00e9s derri\u00e8re chaque bouch\u00e9e.<\/p>\n\n\n\n<h2 class=\"wp-block-heading has-text-align-center has-text-color\" style=\"color:#3c4858\">Ateliers Sushi pour Entreprises au Luxembourg<\/h2>\n\n\n\n<div id=\"wp-block-themeisle-blocks-advanced-columns-678cc482\" class=\"wp-block-themeisle-blocks-advanced-columns alignfull has-1-columns has-desktop-equal-layout has-tablet-equal-layout has-mobile-collapsedRows-layout has-reverse-columns-mobile has-vertical-bottom ticss-c00aadba\"><div class=\"wp-block-themeisle-blocks-advanced-columns-overlay\"><\/div><div class=\"innerblocks-wrap\">\n<div id=\"wp-block-themeisle-blocks-advanced-column-4d412c51\" class=\"wp-block-themeisle-blocks-advanced-column\">\n<p class=\"has-text-align-center has-text-color\" style=\"color:#fefefe\">Nos cours de sushi sont bien plus que des ateliers \u2014 ils sont une invitation \u00e0 plonger dans la tradition intemporelle de l'art culinaire japonais<\/p>\n\n\n\n<h2 id=\"wp-block-themeisle-blocks-advanced-heading-fb3c7a39\" class=\"wp-block-themeisle-blocks-advanced-heading wp-block-themeisle-blocks-advanced-heading-fb3c7a39\">CORPORATE SUSHI EVENTS<\/h2>\n\n\n\n<div class=\"wp-block-buttons is-content-justification-center is-layout-flex wp-container-core-buttons-is-layout-a89b3969 wp-block-buttons-is-layout-flex\">\n<div class=\"wp-block-button is-style-primary ticss-13321caf is-style-outline is-style-outline--1\"><a class=\"wp-block-button__link wp-element-button\" href=\"https:\/\/sushi.lu\/fr\/contact-us\/\">CONTACT<\/a><\/div>\n<\/div>\n<\/div>\n<\/div><\/div>\n\n\n\n<div class=\"wp-block-cover alignfull is-light hestia-clear-top-padding\" style=\"min-height:93px;aspect-ratio:unset;\"><span aria-hidden=\"true\" class=\"wp-block-cover__background has-white-background-color has-background-dim-100 has-background-dim\"><\/span><div class=\"wp-block-cover__inner-container is-layout-flow wp-block-cover-is-layout-flow\">\n<h2 class=\"wp-block-heading has-text-align-center has-text-color\" style=\"color:#3c4858\">Nos Restaurants de Sushi au Luxembourg<\/h2>\n<\/div><\/div>\n\n\n\n<div class=\"wp-block-group has-global-padding is-layout-constrained wp-container-core-group-is-layout-19e250f3 wp-block-group-is-layout-constrained\" style=\"border-style:none;border-width:0px;border-radius:8px\">\n<div class=\"wp-block-group has-primary-background-color has-background has-global-padding is-layout-constrained wp-container-core-group-is-layout-5fbedae1 wp-block-group-is-layout-constrained\" style=\"border-top-left-radius:8px;border-top-right-radius:8px;border-bottom-left-radius:0px;border-bottom-right-radius:0px;padding-top:var(--wp--preset--spacing--large);padding-right:var(--wp--preset--spacing--large);padding-bottom:var(--wp--preset--spacing--large);padding-left:var(--wp--preset--spacing--large);background-image:url(&apos;https:\/\/sushi.lu\/wp-content\/uploads\/2024\/08\/DSC_0235-Resolution-de-lecran.jpg&apos;);background-size:cover;\">\n<figure class=\"wp-block-image aligncenter size-full is-resized\"><a href=\"\/fr\/aka.lu\/\" target=\"_blank\" rel=\" noreferrer noopener\"><img loading=\"lazy\" decoding=\"async\" width=\"1771\" height=\"1730\" src=\"https:\/\/sushi.lu\/wp-content\/uploads\/2024\/08\/AKA_LOGO_OFFICIEL-blanc-01-1.png\" alt=\"\" class=\"wp-image-169\" style=\"aspect-ratio:1;object-fit:contain;width:214px;height:auto\" srcset=\"https:\/\/sushi.lu\/wp-content\/uploads\/2024\/08\/AKA_LOGO_OFFICIEL-blanc-01-1.png 1771w, https:\/\/sushi.lu\/wp-content\/uploads\/2024\/08\/AKA_LOGO_OFFICIEL-blanc-01-1-300x293.png 300w, https:\/\/sushi.lu\/wp-content\/uploads\/2024\/08\/AKA_LOGO_OFFICIEL-blanc-01-1-1024x1000.png 1024w, https:\/\/sushi.lu\/wp-content\/uploads\/2024\/08\/AKA_LOGO_OFFICIEL-blanc-01-1-768x750.png 768w, https:\/\/sushi.lu\/wp-content\/uploads\/2024\/08\/AKA_LOGO_OFFICIEL-blanc-01-1-1536x1500.png 1536w, https:\/\/sushi.lu\/wp-content\/uploads\/2024\/08\/AKA_LOGO_OFFICIEL-blanc-01-1-600x586.png 600w, https:\/\/sushi.lu\/wp-content\/uploads\/2024\/08\/AKA_LOGO_OFFICIEL-blanc-01-1-1200x1172.png 1200w, https:\/\/sushi.lu\/wp-content\/uploads\/2024\/08\/AKA_LOGO_OFFICIEL-blanc-01-1-12x12.png 12w\" sizes=\"auto, (max-width: 1771px) 100vw, 1771px\" \/><\/a><\/figure>\n\n\n\n<div class=\"wp-block-group has-global-padding is-layout-constrained wp-container-core-group-is-layout-7c6d2669 wp-block-group-is-layout-constrained\">\n<h3 class=\"wp-block-heading has-text-align-center has-white-color has-text-color\">AKA Cit\u00e9<\/h3>\n\n\n\n<p class=\"has-text-align-center has-white-color has-text-color has-x-small-font-size\"><\/p>\n<\/div>\n<\/div>\n\n\n\n<div style=\"height:100px\" aria-hidden=\"true\" class=\"wp-block-spacer\"><\/div>\n\n\n\n<div style=\"height:0px;width:0px\" aria-hidden=\"true\" class=\"wp-block-spacer\"><\/div>\n\n\n\n<div class=\"wp-block-group has-primary-background-color has-background has-global-padding is-layout-constrained wp-container-core-group-is-layout-5fbedae1 wp-block-group-is-layout-constrained\" style=\"border-top-left-radius:8px;border-top-right-radius:8px;border-bottom-left-radius:0px;border-bottom-right-radius:0px;padding-top:var(--wp--preset--spacing--large);padding-right:var(--wp--preset--spacing--large);padding-bottom:var(--wp--preset--spacing--large);padding-left:var(--wp--preset--spacing--large);background-image:url(&apos;https:\/\/sushi.lu\/wp-content\/uploads\/2024\/08\/nemos1.jpg&apos;);background-position:27% 65%;background-size:cover;\">\n<figure class=\"wp-block-image aligncenter size-full is-resized\"><a href=\"\/fr\/nemos.lu\/\" target=\"_blank\" rel=\" noreferrer noopener\"><img loading=\"lazy\" decoding=\"async\" width=\"4501\" height=\"3633\" src=\"https:\/\/sushi.lu\/wp-content\/uploads\/2024\/08\/LOGO-1COM_nemos-blanc-3.png\" alt=\"\" class=\"wp-image-170\" style=\"aspect-ratio:1;object-fit:contain;width:214px;height:auto\" srcset=\"https:\/\/sushi.lu\/wp-content\/uploads\/2024\/08\/LOGO-1COM_nemos-blanc-3.png 4501w, https:\/\/sushi.lu\/wp-content\/uploads\/2024\/08\/LOGO-1COM_nemos-blanc-3-300x242.png 300w, https:\/\/sushi.lu\/wp-content\/uploads\/2024\/08\/LOGO-1COM_nemos-blanc-3-1024x827.png 1024w, https:\/\/sushi.lu\/wp-content\/uploads\/2024\/08\/LOGO-1COM_nemos-blanc-3-768x620.png 768w, https:\/\/sushi.lu\/wp-content\/uploads\/2024\/08\/LOGO-1COM_nemos-blanc-3-1536x1240.png 1536w, https:\/\/sushi.lu\/wp-content\/uploads\/2024\/08\/LOGO-1COM_nemos-blanc-3-2048x1653.png 2048w, https:\/\/sushi.lu\/wp-content\/uploads\/2024\/08\/LOGO-1COM_nemos-blanc-3-600x484.png 600w, https:\/\/sushi.lu\/wp-content\/uploads\/2024\/08\/LOGO-1COM_nemos-blanc-3-2000x1614.png 2000w, https:\/\/sushi.lu\/wp-content\/uploads\/2024\/08\/LOGO-1COM_nemos-blanc-3-1200x969.png 1200w, https:\/\/sushi.lu\/wp-content\/uploads\/2024\/08\/LOGO-1COM_nemos-blanc-3-15x12.png 15w\" sizes=\"auto, (max-width: 4501px) 100vw, 4501px\" \/><\/a><\/figure>\n\n\n\n<div class=\"wp-block-group has-global-padding is-layout-constrained wp-container-core-group-is-layout-7c6d2669 wp-block-group-is-layout-constrained\">\n<h3 class=\"wp-block-heading has-text-align-center has-white-color has-text-color\">NEMO&#8217;S<\/h3>\n\n\n\n<p class=\"has-text-align-center has-white-color has-text-color has-x-small-font-size\"><\/p>\n<\/div>\n<\/div>\n\n\n\n<div style=\"height:100px\" aria-hidden=\"true\" class=\"wp-block-spacer\"><\/div>\n\n\n\n<div style=\"height:0px;width:0px\" aria-hidden=\"true\" class=\"wp-block-spacer\"><\/div>\n<\/div>\n\n\n\n<p><\/p>","protected":false},"excerpt":{"rendered":"<p>About Sushi in Luxembourg sushi.lu is the home of sushi culture in Luxembourg \u2014 a place where tradition meets passion. Beyond our acclaimed restaurants, we offer immersive sushi-making classes led &hellip; <\/p>\n<p class=\"link-more\"><a href=\"https:\/\/sushi.lu\/fr\/\" class=\"more-link\">Lire la suite de<span class=\"screen-reader-text\">\u00ab\u00a0Home\u00a0\u00bb<\/span><\/a><\/p>","protected":false},"author":3,"featured_media":0,"parent":0,"menu_order":0,"comment_status":"closed","ping_status":"closed","template":"","meta":{"_price":"","_stock":"","_tribe_ticket_header":"","_tribe_default_ticket_provider":"","_tribe_ticket_capacity":"0","_ticket_start_date":"","_ticket_end_date":"","_tribe_ticket_show_description":"","_tribe_ticket_show_not_going":false,"_tribe_ticket_use_global_stock":"","_tribe_ticket_global_stock_level":"","_global_stock_mode":"","_global_stock_cap":"","_tribe_rsvp_for_event":"","_tribe_ticket_going_count":"","_tribe_ticket_not_going_count":"","_tribe_tickets_list":"[]","_tribe_ticket_has_attendee_info_fields":false,"_themeisle_gutenberg_block_has_review":false,"inspiro_hide_title":false,"footnotes":"","_tec_slr_enabled":"","_tec_slr_layout":""},"class_list":["post-6877","page","type-page","status-publish","hentry"],"yoast_head":"<!-- This site is optimized with the Yoast SEO plugin v27.4 - https:\/\/yoast.com\/product\/yoast-seo-wordpress\/ -->\n<title>Home - Sushi Luxembourg<\/title>\n<meta name=\"description\" content=\"sushi.lu is the home of sushi culture in Luxembourg \u2014 a place where tradition meets passion. Restaurants and exclusive Sushi Classes.\" \/>\n<meta name=\"robots\" content=\"index, follow, max-snippet:-1, max-image-preview:large, max-video-preview:-1\" \/>\n<link rel=\"canonical\" href=\"https:\/\/sushi.lu\/fr\/\" \/>\n<meta property=\"og:locale\" content=\"fr_FR\" \/>\n<meta property=\"og:type\" content=\"article\" \/>\n<meta property=\"og:title\" content=\"Home - Sushi Luxembourg\" \/>\n<meta property=\"og:description\" content=\"sushi.lu is the home of sushi culture in Luxembourg \u2014 a place where tradition meets passion. Restaurants and exclusive Sushi Classes.\" \/>\n<meta property=\"og:url\" content=\"https:\/\/sushi.lu\/fr\/\" \/>\n<meta property=\"og:site_name\" content=\"Sushi Luxembourg\" \/>\n<meta property=\"article:modified_time\" content=\"2025-07-28T14:20:34+00:00\" \/>\n<meta property=\"og:image\" content=\"https:\/\/sushi.lu\/wp-content\/uploads\/2024\/08\/AKA_LOGO_OFFICIEL-blanc-01-1.png\" \/>\n\t<meta property=\"og:image:width\" content=\"1771\" \/>\n\t<meta property=\"og:image:height\" content=\"1730\" \/>\n\t<meta property=\"og:image:type\" content=\"image\/png\" \/>\n<meta name=\"twitter:card\" content=\"summary_large_image\" \/>\n<meta name=\"twitter:label1\" content=\"Dur\u00e9e de lecture estim\u00e9e\" \/>\n\t<meta name=\"twitter:data1\" content=\"1 minute\" \/>\n<script type=\"application\/ld+json\" class=\"yoast-schema-graph\">{\"@context\":\"https:\\\/\\\/schema.org\",\"@graph\":[{\"@type\":\"WebPage\",\"@id\":\"https:\\\/\\\/sushi.lu\\\/\",\"url\":\"https:\\\/\\\/sushi.lu\\\/\",\"name\":\"Home - Sushi Luxembourg\",\"isPartOf\":{\"@id\":\"https:\\\/\\\/sushi.lu\\\/#website\"},\"primaryImageOfPage\":{\"@id\":\"https:\\\/\\\/sushi.lu\\\/#primaryimage\"},\"image\":{\"@id\":\"https:\\\/\\\/sushi.lu\\\/#primaryimage\"},\"thumbnailUrl\":\"https:\\\/\\\/sushi.lu\\\/wp-content\\\/uploads\\\/2024\\\/08\\\/AKA_LOGO_OFFICIEL-blanc-01-1.png\",\"datePublished\":\"2025-04-11T00:53:16+00:00\",\"dateModified\":\"2025-07-28T14:20:34+00:00\",\"description\":\"sushi.lu is the home of sushi culture in Luxembourg \u2014 a place where tradition meets passion. Restaurants and exclusive Sushi Classes.\",\"breadcrumb\":{\"@id\":\"https:\\\/\\\/sushi.lu\\\/#breadcrumb\"},\"inLanguage\":\"fr-FR\",\"potentialAction\":[{\"@type\":\"ReadAction\",\"target\":[\"https:\\\/\\\/sushi.lu\\\/\"]}]},{\"@type\":\"ImageObject\",\"inLanguage\":\"fr-FR\",\"@id\":\"https:\\\/\\\/sushi.lu\\\/#primaryimage\",\"url\":\"https:\\\/\\\/sushi.lu\\\/wp-content\\\/uploads\\\/2024\\\/08\\\/AKA_LOGO_OFFICIEL-blanc-01-1.png\",\"contentUrl\":\"https:\\\/\\\/sushi.lu\\\/wp-content\\\/uploads\\\/2024\\\/08\\\/AKA_LOGO_OFFICIEL-blanc-01-1.png\"},{\"@type\":\"BreadcrumbList\",\"@id\":\"https:\\\/\\\/sushi.lu\\\/#breadcrumb\",\"itemListElement\":[{\"@type\":\"ListItem\",\"position\":1,\"name\":\"Home\",\"item\":\"https:\\\/\\\/sushi.lu\\\/\"},{\"@type\":\"ListItem\",\"position\":2,\"name\":\"Home\"}]},{\"@type\":\"WebSite\",\"@id\":\"https:\\\/\\\/sushi.lu\\\/#website\",\"url\":\"https:\\\/\\\/sushi.lu\\\/\",\"name\":\"Sushi Luxembourg\",\"description\":\"we love sushi\",\"publisher\":{\"@id\":\"https:\\\/\\\/sushi.lu\\\/#organization\"},\"potentialAction\":[{\"@type\":\"SearchAction\",\"target\":{\"@type\":\"EntryPoint\",\"urlTemplate\":\"https:\\\/\\\/sushi.lu\\\/?s={search_term_string}\"},\"query-input\":{\"@type\":\"PropertyValueSpecification\",\"valueRequired\":true,\"valueName\":\"search_term_string\"}}],\"inLanguage\":\"fr-FR\"},{\"@type\":\"Organization\",\"@id\":\"https:\\\/\\\/sushi.lu\\\/#organization\",\"name\":\"Sushi Luxembourg\",\"url\":\"https:\\\/\\\/sushi.lu\\\/\",\"logo\":{\"@type\":\"ImageObject\",\"inLanguage\":\"fr-FR\",\"@id\":\"https:\\\/\\\/sushi.lu\\\/#\\\/schema\\\/logo\\\/image\\\/\",\"url\":\"https:\\\/\\\/sushi.lu\\\/wp-content\\\/uploads\\\/2025\\\/04\\\/SIL-LOGO-blackred_Plan-de-travail-1-e1744454095467.png\",\"contentUrl\":\"https:\\\/\\\/sushi.lu\\\/wp-content\\\/uploads\\\/2025\\\/04\\\/SIL-LOGO-blackred_Plan-de-travail-1-e1744454095467.png\",\"width\":500,\"height\":253,\"caption\":\"Sushi Luxembourg\"},\"image\":{\"@id\":\"https:\\\/\\\/sushi.lu\\\/#\\\/schema\\\/logo\\\/image\\\/\"}}]}<\/script>\n<!-- \/ Yoast SEO plugin. -->","yoast_head_json":{"title":"Home - Sushi Luxembourg","description":"sushi.lu is the home of sushi culture in Luxembourg \u2014 a place where tradition meets passion. Restaurants and exclusive Sushi Classes.","robots":{"index":"index","follow":"follow","max-snippet":"max-snippet:-1","max-image-preview":"max-image-preview:large","max-video-preview":"max-video-preview:-1"},"canonical":"https:\/\/sushi.lu\/fr\/","og_locale":"fr_FR","og_type":"article","og_title":"Home - Sushi Luxembourg","og_description":"sushi.lu is the home of sushi culture in Luxembourg \u2014 a place where tradition meets passion. Restaurants and exclusive Sushi Classes.","og_url":"https:\/\/sushi.lu\/fr\/","og_site_name":"Sushi Luxembourg","article_modified_time":"2025-07-28T14:20:34+00:00","og_image":[{"width":1771,"height":1730,"url":"https:\/\/sushi.lu\/wp-content\/uploads\/2024\/08\/AKA_LOGO_OFFICIEL-blanc-01-1.png","type":"image\/png"}],"twitter_card":"summary_large_image","twitter_misc":{"Dur\u00e9e de lecture estim\u00e9e":"1 minute"},"schema":{"@context":"https:\/\/schema.org","@graph":[{"@type":"WebPage","@id":"https:\/\/sushi.lu\/","url":"https:\/\/sushi.lu\/","name":"Home - Sushi Luxembourg","isPartOf":{"@id":"https:\/\/sushi.lu\/#website"},"primaryImageOfPage":{"@id":"https:\/\/sushi.lu\/#primaryimage"},"image":{"@id":"https:\/\/sushi.lu\/#primaryimage"},"thumbnailUrl":"https:\/\/sushi.lu\/wp-content\/uploads\/2024\/08\/AKA_LOGO_OFFICIEL-blanc-01-1.png","datePublished":"2025-04-11T00:53:16+00:00","dateModified":"2025-07-28T14:20:34+00:00","description":"sushi.lu is the home of sushi culture in Luxembourg \u2014 a place where tradition meets passion. Restaurants and exclusive Sushi Classes.","breadcrumb":{"@id":"https:\/\/sushi.lu\/#breadcrumb"},"inLanguage":"fr-FR","potentialAction":[{"@type":"ReadAction","target":["https:\/\/sushi.lu\/"]}]},{"@type":"ImageObject","inLanguage":"fr-FR","@id":"https:\/\/sushi.lu\/#primaryimage","url":"https:\/\/sushi.lu\/wp-content\/uploads\/2024\/08\/AKA_LOGO_OFFICIEL-blanc-01-1.png","contentUrl":"https:\/\/sushi.lu\/wp-content\/uploads\/2024\/08\/AKA_LOGO_OFFICIEL-blanc-01-1.png"},{"@type":"BreadcrumbList","@id":"https:\/\/sushi.lu\/#breadcrumb","itemListElement":[{"@type":"ListItem","position":1,"name":"Home","item":"https:\/\/sushi.lu\/"},{"@type":"ListItem","position":2,"name":"Home"}]},{"@type":"WebSite","@id":"https:\/\/sushi.lu\/#website","url":"https:\/\/sushi.lu\/","name":"Sushi Luxembourg","description":"we love sushi","publisher":{"@id":"https:\/\/sushi.lu\/#organization"},"potentialAction":[{"@type":"SearchAction","target":{"@type":"EntryPoint","urlTemplate":"https:\/\/sushi.lu\/?s={search_term_string}"},"query-input":{"@type":"PropertyValueSpecification","valueRequired":true,"valueName":"search_term_string"}}],"inLanguage":"fr-FR"},{"@type":"Organization","@id":"https:\/\/sushi.lu\/#organization","name":"Sushi Luxembourg","url":"https:\/\/sushi.lu\/","logo":{"@type":"ImageObject","inLanguage":"fr-FR","@id":"https:\/\/sushi.lu\/#\/schema\/logo\/image\/","url":"https:\/\/sushi.lu\/wp-content\/uploads\/2025\/04\/SIL-LOGO-blackred_Plan-de-travail-1-e1744454095467.png","contentUrl":"https:\/\/sushi.lu\/wp-content\/uploads\/2025\/04\/SIL-LOGO-blackred_Plan-de-travail-1-e1744454095467.png","width":500,"height":253,"caption":"Sushi Luxembourg"},"image":{"@id":"https:\/\/sushi.lu\/#\/schema\/logo\/image\/"}}]}},"jetpack_sharing_enabled":true,"ticketed":false,"_links":{"self":[{"href":"https:\/\/sushi.lu\/fr\/wp-json\/wp\/v2\/pages\/6877","targetHints":{"allow":["GET"]}}],"collection":[{"href":"https:\/\/sushi.lu\/fr\/wp-json\/wp\/v2\/pages"}],"about":[{"href":"https:\/\/sushi.lu\/fr\/wp-json\/wp\/v2\/types\/page"}],"author":[{"embeddable":true,"href":"https:\/\/sushi.lu\/fr\/wp-json\/wp\/v2\/users\/3"}],"replies":[{"embeddable":true,"href":"https:\/\/sushi.lu\/fr\/wp-json\/wp\/v2\/comments?post=6877"}],"version-history":[{"count":5,"href":"https:\/\/sushi.lu\/fr\/wp-json\/wp\/v2\/pages\/6877\/revisions"}],"predecessor-version":[{"id":7157,"href":"https:\/\/sushi.lu\/fr\/wp-json\/wp\/v2\/pages\/6877\/revisions\/7157"}],"wp:attachment":[{"href":"https:\/\/sushi.lu\/fr\/wp-json\/wp\/v2\/media?parent=6877"}],"curies":[{"name":"wp","href":"https:\/\/api.w.org\/{rel}","templated":true}]}}