{"id":6996,"date":"2025-04-16T18:42:40","date_gmt":"2025-04-16T16:42:40","guid":{"rendered":"https:\/\/sushi.lu\/?page_id=6996"},"modified":"2025-07-28T16:26:07","modified_gmt":"2025-07-28T14:26:07","slug":"our-restaurants","status":"publish","type":"page","link":"https:\/\/sushi.lu\/fr\/our-restaurants\/","title":{"rendered":"Nos Restaurants"},"content":{"rendered":"<p>We proudly operate two sushi restaurants across Luxembourg, each offering a unique atmosphere while staying true to the highest standards of Japanese culinary tradition. Whether you&#8217;re dining in or enjoying sushi at home, we&#8217;ve got you covered.<\/p>\n\n\n\n<p>Commandez en ligne en quelques clics et recevez vos sushis pr\u00e9f\u00e9r\u00e9s \u00e0 votre porte \u2014 fra\u00eecheur, rapidit\u00e9 et pr\u00e9sentation parfaite.<\/p>\n\n\n\n<div class=\"wp-block-media-text is-stacked-on-mobile\" style=\"grid-template-columns:40% auto\"><figure class=\"wp-block-media-text__media\"><img loading=\"lazy\" decoding=\"async\" width=\"1024\" height=\"680\" src=\"https:\/\/sushi.lu\/wp-content\/uploads\/2024\/08\/DSC_0235-Resolution-de-lecran-1024x680.jpg\" alt=\"\" class=\"wp-image-166 size-full\" srcset=\"https:\/\/sushi.lu\/wp-content\/uploads\/2024\/08\/DSC_0235-Resolution-de-lecran-1024x680.jpg 1024w, https:\/\/sushi.lu\/wp-content\/uploads\/2024\/08\/DSC_0235-Resolution-de-lecran-300x199.jpg 300w, https:\/\/sushi.lu\/wp-content\/uploads\/2024\/08\/DSC_0235-Resolution-de-lecran-768x510.jpg 768w, https:\/\/sushi.lu\/wp-content\/uploads\/2024\/08\/DSC_0235-Resolution-de-lecran-600x399.jpg 600w, https:\/\/sushi.lu\/wp-content\/uploads\/2024\/08\/DSC_0235-Resolution-de-lecran-1200x797.jpg 1200w, https:\/\/sushi.lu\/wp-content\/uploads\/2024\/08\/DSC_0235-Resolution-de-lecran-18x12.jpg 18w, https:\/\/sushi.lu\/wp-content\/uploads\/2024\/08\/DSC_0235-Resolution-de-lecran.jpg 1355w\" sizes=\"auto, (max-width: 1024px) 100vw, 1024px\" \/><\/figure><div class=\"wp-block-media-text__content\">\n<h2 class=\"wp-block-heading\">AKA Cit\u00e9<\/h2>\n\n\n\n<p>3 Rue Genistre<br>L-1623 Luxembourg<\/p>\n\n\n\n<p>Tel: <a href=\"tel:+35220332245\" data-type=\"tel\" data-id=\"tel:+35220332245\">+352 20 33 22 45<\/a><\/p>\n\n\n\n<div class=\"wp-block-buttons is-layout-flex wp-block-buttons-is-layout-flex\">\n<div class=\"wp-block-button ticss-462676e6 is-style-outline is-style-outline--1\"><a class=\"wp-block-button__link wp-element-button\" href=\"https:\/\/www.restaurantlogin.com\/ordering\/restaurant\/menu?restaurant_uid=0afbde59-1cc9-4437-a98b-35f69e97a5e0\" style=\"border-style:none;border-width:0px;border-radius:0px;padding-top:0;padding-right:0;padding-bottom:0;padding-left:0\" target=\"_blank\" rel=\"noreferrer noopener\">COMMANDEZ EN LIGNE<\/a><\/div>\n<\/div>\n\n\n\n<hr class=\"wp-block-separator has-alpha-channel-opacity\"\/>\n\n\n\n<ul class=\"wp-block-social-links is-layout-flex wp-block-social-links-is-layout-flex\"><li class=\"wp-social-link wp-social-link-facebook  wp-block-social-link\"><a href=\"https:\/\/facebook.com\/akaciteluxembourg\" class=\"wp-block-social-link-anchor\"><svg width=\"24\" height=\"24\" viewbox=\"0 0 24 24\" version=\"1.1\" xmlns=\"http:\/\/www.w3.org\/2000\/svg\" aria-hidden=\"true\" focusable=\"false\"><path d=\"M12 2C6.5 2 2 6.5 2 12c0 5 3.7 9.1 8.4 9.9v-7H7.9V12h2.5V9.8c0-2.5 1.5-3.9 3.8-3.9 1.1 0 2.2.2 2.2.2v2.5h-1.3c-1.2 0-1.6.8-1.6 1.6V12h2.8l-.4 2.9h-2.3v7C18.3 21.1 22 17 22 12c0-5.5-4.5-10-10-10z\"><\/path><\/svg><span class=\"wp-block-social-link-label screen-reader-text\">Facebook<\/span><\/a><\/li>\n\n<li class=\"wp-social-link wp-social-link-instagram  wp-block-social-link\"><a href=\"https:\/\/www.instagram.com\/akaluxembourg\" class=\"wp-block-social-link-anchor\"><svg width=\"24\" height=\"24\" viewbox=\"0 0 24 24\" version=\"1.1\" xmlns=\"http:\/\/www.w3.org\/2000\/svg\" aria-hidden=\"true\" focusable=\"false\"><path d=\"M12,4.622c2.403,0,2.688,0.009,3.637,0.052c0.877,0.04,1.354,0.187,1.671,0.31c0.42,0.163,0.72,0.358,1.035,0.673 c0.315,0.315,0.51,0.615,0.673,1.035c0.123,0.317,0.27,0.794,0.31,1.671c0.043,0.949,0.052,1.234,0.052,3.637 s-0.009,2.688-0.052,3.637c-0.04,0.877-0.187,1.354-0.31,1.671c-0.163,0.42-0.358,0.72-0.673,1.035 c-0.315,0.315-0.615,0.51-1.035,0.673c-0.317,0.123-0.794,0.27-1.671,0.31c-0.949,0.043-1.233,0.052-3.637,0.052 s-2.688-0.009-3.637-0.052c-0.877-0.04-1.354-0.187-1.671-0.31c-0.42-0.163-0.72-0.358-1.035-0.673 c-0.315-0.315-0.51-0.615-0.673-1.035c-0.123-0.317-0.27-0.794-0.31-1.671C4.631,14.688,4.622,14.403,4.622,12 s0.009-2.688,0.052-3.637c0.04-0.877,0.187-1.354,0.31-1.671c0.163-0.42,0.358-0.72,0.673-1.035 c0.315-0.315,0.615-0.51,1.035-0.673c0.317-0.123,0.794-0.27,1.671-0.31C9.312,4.631,9.597,4.622,12,4.622 M12,3 C9.556,3,9.249,3.01,8.289,3.054C7.331,3.098,6.677,3.25,6.105,3.472C5.513,3.702,5.011,4.01,4.511,4.511 c-0.5,0.5-0.808,1.002-1.038,1.594C3.25,6.677,3.098,7.331,3.054,8.289C3.01,9.249,3,9.556,3,12c0,2.444,0.01,2.751,0.054,3.711 c0.044,0.958,0.196,1.612,0.418,2.185c0.23,0.592,0.538,1.094,1.038,1.594c0.5,0.5,1.002,0.808,1.594,1.038 c0.572,0.222,1.227,0.375,2.185,0.418C9.249,20.99,9.556,21,12,21s2.751-0.01,3.711-0.054c0.958-0.044,1.612-0.196,2.185-0.418 c0.592-0.23,1.094-0.538,1.594-1.038c0.5-0.5,0.808-1.002,1.038-1.594c0.222-0.572,0.375-1.227,0.418-2.185 C20.99,14.751,21,14.444,21,12s-0.01-2.751-0.054-3.711c-0.044-0.958-0.196-1.612-0.418-2.185c-0.23-0.592-0.538-1.094-1.038-1.594 c-0.5-0.5-1.002-0.808-1.594-1.038c-0.572-0.222-1.227-0.375-2.185-0.418C14.751,3.01,14.444,3,12,3L12,3z M12,7.378 c-2.552,0-4.622,2.069-4.622,4.622S9.448,16.622,12,16.622s4.622-2.069,4.622-4.622S14.552,7.378,12,7.378z M12,15 c-1.657,0-3-1.343-3-3s1.343-3,3-3s3,1.343,3,3S13.657,15,12,15z M16.804,6.116c-0.596,0-1.08,0.484-1.08,1.08 s0.484,1.08,1.08,1.08c0.596,0,1.08-0.484,1.08-1.08S17.401,6.116,16.804,6.116z\"><\/path><\/svg><span class=\"wp-block-social-link-label screen-reader-text\">Instagram<\/span><\/a><\/li>\n\n<li class=\"wp-social-link wp-social-link-linkedin  wp-block-social-link\"><a href=\"https:\/\/www.linkedin.com\/company\/akaluxembourg\" class=\"wp-block-social-link-anchor\"><svg width=\"24\" height=\"24\" viewbox=\"0 0 24 24\" version=\"1.1\" xmlns=\"http:\/\/www.w3.org\/2000\/svg\" aria-hidden=\"true\" focusable=\"false\"><path d=\"M19.7,3H4.3C3.582,3,3,3.582,3,4.3v15.4C3,20.418,3.582,21,4.3,21h15.4c0.718,0,1.3-0.582,1.3-1.3V4.3 C21,3.582,20.418,3,19.7,3z M8.339,18.338H5.667v-8.59h2.672V18.338z M7.004,8.574c-0.857,0-1.549-0.694-1.549-1.548 c0-0.855,0.691-1.548,1.549-1.548c0.854,0,1.547,0.694,1.547,1.548C8.551,7.881,7.858,8.574,7.004,8.574z M18.339,18.338h-2.669 v-4.177c0-0.996-0.017-2.278-1.387-2.278c-1.389,0-1.601,1.086-1.601,2.206v4.249h-2.667v-8.59h2.559v1.174h0.037 c0.356-0.675,1.227-1.387,2.526-1.387c2.703,0,3.203,1.779,3.203,4.092V18.338z\"><\/path><\/svg><span class=\"wp-block-social-link-label screen-reader-text\">LinkedIn<\/span><\/a><\/li>\n\n<li class=\"wp-social-link wp-social-link-chain  wp-block-social-link\"><a href=\"https:\/\/www.aka.lu\" class=\"wp-block-social-link-anchor\"><svg width=\"24\" height=\"24\" viewbox=\"0 0 24 24\" version=\"1.1\" xmlns=\"http:\/\/www.w3.org\/2000\/svg\" aria-hidden=\"true\" focusable=\"false\"><path d=\"M15.6,7.2H14v1.5h1.6c2,0,3.7,1.7,3.7,3.7s-1.7,3.7-3.7,3.7H14v1.5h1.6c2.8,0,5.2-2.3,5.2-5.2,0-2.9-2.3-5.2-5.2-5.2zM4.7,12.4c0-2,1.7-3.7,3.7-3.7H10V7.2H8.4c-2.9,0-5.2,2.3-5.2,5.2,0,2.9,2.3,5.2,5.2,5.2H10v-1.5H8.4c-2,0-3.7-1.7-3.7-3.7zm4.6.9h5.3v-1.5H9.3v1.5z\"><\/path><\/svg><span class=\"wp-block-social-link-label screen-reader-text\">Website<\/span><\/a><\/li><\/ul>\n<\/div><\/div>\n\n\n\n<div class=\"wp-block-media-text is-stacked-on-mobile is-image-fill-element\" style=\"grid-template-columns:40% auto\"><figure class=\"wp-block-media-text__media\"><img loading=\"lazy\" decoding=\"async\" width=\"1024\" height=\"819\" src=\"https:\/\/sushi.lu\/wp-content\/uploads\/2024\/08\/nemos1-1024x819.jpg\" alt=\"\" class=\"wp-image-167 size-full\" style=\"object-position:50% 50%\" srcset=\"https:\/\/sushi.lu\/wp-content\/uploads\/2024\/08\/nemos1-1024x819.jpg 1024w, https:\/\/sushi.lu\/wp-content\/uploads\/2024\/08\/nemos1-300x240.jpg 300w, https:\/\/sushi.lu\/wp-content\/uploads\/2024\/08\/nemos1-768x614.jpg 768w, https:\/\/sushi.lu\/wp-content\/uploads\/2024\/08\/nemos1-1536x1229.jpg 1536w, https:\/\/sushi.lu\/wp-content\/uploads\/2024\/08\/nemos1-600x480.jpg 600w, https:\/\/sushi.lu\/wp-content\/uploads\/2024\/08\/nemos1-1200x960.jpg 1200w, https:\/\/sushi.lu\/wp-content\/uploads\/2024\/08\/nemos1-15x12.jpg 15w, https:\/\/sushi.lu\/wp-content\/uploads\/2024\/08\/nemos1.jpg 1920w\" sizes=\"auto, (max-width: 1024px) 100vw, 1024px\" \/><\/figure><div class=\"wp-block-media-text__content\">\n<h2 class=\"wp-block-heading\">Nemo&#8217;s<\/h2>\n\n\n\n<p>45 Av. John F. Kennedy<br>L-1855 Luxembourg<\/p>\n\n\n\n<p>Tel: <a href=\"tel:+35227848444\" data-type=\"tel\" data-id=\"tel:+35227848444\">+352 27 84 84 44<\/a><\/p>\n\n\n\n<div class=\"wp-block-buttons is-layout-flex wp-block-buttons-is-layout-flex\">\n<div class=\"wp-block-button ticss-462676e6 is-style-outline is-style-outline--2\"><a class=\"wp-block-button__link wp-element-button\" href=\"https:\/\/www.restaurantlogin.com\/ordering\/restaurant\/menu?restaurant_uid=0afbde59-1cc9-4437-a98b-35f69e97a5e0\" style=\"border-style:none;border-width:0px;border-radius:0px;padding-top:0;padding-right:0;padding-bottom:0;padding-left:0\" target=\"_blank\" rel=\"noreferrer noopener\">COMMANDEZ EN LIGNE<\/a><\/div>\n<\/div>\n\n\n\n<hr class=\"wp-block-separator has-alpha-channel-opacity\"\/>\n\n\n\n<ul class=\"wp-block-social-links is-layout-flex wp-block-social-links-is-layout-flex\"><li class=\"wp-social-link wp-social-link-facebook  wp-block-social-link\"><a href=\"https:\/\/www.facebook.com\/nemos.luxembourg\/\" class=\"wp-block-social-link-anchor\"><svg width=\"24\" height=\"24\" viewbox=\"0 0 24 24\" version=\"1.1\" xmlns=\"http:\/\/www.w3.org\/2000\/svg\" aria-hidden=\"true\" focusable=\"false\"><path d=\"M12 2C6.5 2 2 6.5 2 12c0 5 3.7 9.1 8.4 9.9v-7H7.9V12h2.5V9.8c0-2.5 1.5-3.9 3.8-3.9 1.1 0 2.2.2 2.2.2v2.5h-1.3c-1.2 0-1.6.8-1.6 1.6V12h2.8l-.4 2.9h-2.3v7C18.3 21.1 22 17 22 12c0-5.5-4.5-10-10-10z\"><\/path><\/svg><span class=\"wp-block-social-link-label screen-reader-text\">Facebook<\/span><\/a><\/li>\n\n<li class=\"wp-social-link wp-social-link-instagram  wp-block-social-link\"><a href=\"https:\/\/www.instagram.com\/nemos_luxembourg\/\" class=\"wp-block-social-link-anchor\"><svg width=\"24\" height=\"24\" viewbox=\"0 0 24 24\" version=\"1.1\" xmlns=\"http:\/\/www.w3.org\/2000\/svg\" aria-hidden=\"true\" focusable=\"false\"><path d=\"M12,4.622c2.403,0,2.688,0.009,3.637,0.052c0.877,0.04,1.354,0.187,1.671,0.31c0.42,0.163,0.72,0.358,1.035,0.673 c0.315,0.315,0.51,0.615,0.673,1.035c0.123,0.317,0.27,0.794,0.31,1.671c0.043,0.949,0.052,1.234,0.052,3.637 s-0.009,2.688-0.052,3.637c-0.04,0.877-0.187,1.354-0.31,1.671c-0.163,0.42-0.358,0.72-0.673,1.035 c-0.315,0.315-0.615,0.51-1.035,0.673c-0.317,0.123-0.794,0.27-1.671,0.31c-0.949,0.043-1.233,0.052-3.637,0.052 s-2.688-0.009-3.637-0.052c-0.877-0.04-1.354-0.187-1.671-0.31c-0.42-0.163-0.72-0.358-1.035-0.673 c-0.315-0.315-0.51-0.615-0.673-1.035c-0.123-0.317-0.27-0.794-0.31-1.671C4.631,14.688,4.622,14.403,4.622,12 s0.009-2.688,0.052-3.637c0.04-0.877,0.187-1.354,0.31-1.671c0.163-0.42,0.358-0.72,0.673-1.035 c0.315-0.315,0.615-0.51,1.035-0.673c0.317-0.123,0.794-0.27,1.671-0.31C9.312,4.631,9.597,4.622,12,4.622 M12,3 C9.556,3,9.249,3.01,8.289,3.054C7.331,3.098,6.677,3.25,6.105,3.472C5.513,3.702,5.011,4.01,4.511,4.511 c-0.5,0.5-0.808,1.002-1.038,1.594C3.25,6.677,3.098,7.331,3.054,8.289C3.01,9.249,3,9.556,3,12c0,2.444,0.01,2.751,0.054,3.711 c0.044,0.958,0.196,1.612,0.418,2.185c0.23,0.592,0.538,1.094,1.038,1.594c0.5,0.5,1.002,0.808,1.594,1.038 c0.572,0.222,1.227,0.375,2.185,0.418C9.249,20.99,9.556,21,12,21s2.751-0.01,3.711-0.054c0.958-0.044,1.612-0.196,2.185-0.418 c0.592-0.23,1.094-0.538,1.594-1.038c0.5-0.5,0.808-1.002,1.038-1.594c0.222-0.572,0.375-1.227,0.418-2.185 C20.99,14.751,21,14.444,21,12s-0.01-2.751-0.054-3.711c-0.044-0.958-0.196-1.612-0.418-2.185c-0.23-0.592-0.538-1.094-1.038-1.594 c-0.5-0.5-1.002-0.808-1.594-1.038c-0.572-0.222-1.227-0.375-2.185-0.418C14.751,3.01,14.444,3,12,3L12,3z M12,7.378 c-2.552,0-4.622,2.069-4.622,4.622S9.448,16.622,12,16.622s4.622-2.069,4.622-4.622S14.552,7.378,12,7.378z M12,15 c-1.657,0-3-1.343-3-3s1.343-3,3-3s3,1.343,3,3S13.657,15,12,15z M16.804,6.116c-0.596,0-1.08,0.484-1.08,1.08 s0.484,1.08,1.08,1.08c0.596,0,1.08-0.484,1.08-1.08S17.401,6.116,16.804,6.116z\"><\/path><\/svg><span class=\"wp-block-social-link-label screen-reader-text\">Instagram<\/span><\/a><\/li>\n\n<li class=\"wp-social-link wp-social-link-linkedin  wp-block-social-link\"><a href=\"https:\/\/www.linkedin.com\/company\/nemo-s-luxembourg\/\" class=\"wp-block-social-link-anchor\"><svg width=\"24\" height=\"24\" viewbox=\"0 0 24 24\" version=\"1.1\" xmlns=\"http:\/\/www.w3.org\/2000\/svg\" aria-hidden=\"true\" focusable=\"false\"><path d=\"M19.7,3H4.3C3.582,3,3,3.582,3,4.3v15.4C3,20.418,3.582,21,4.3,21h15.4c0.718,0,1.3-0.582,1.3-1.3V4.3 C21,3.582,20.418,3,19.7,3z M8.339,18.338H5.667v-8.59h2.672V18.338z M7.004,8.574c-0.857,0-1.549-0.694-1.549-1.548 c0-0.855,0.691-1.548,1.549-1.548c0.854,0,1.547,0.694,1.547,1.548C8.551,7.881,7.858,8.574,7.004,8.574z M18.339,18.338h-2.669 v-4.177c0-0.996-0.017-2.278-1.387-2.278c-1.389,0-1.601,1.086-1.601,2.206v4.249h-2.667v-8.59h2.559v1.174h0.037 c0.356-0.675,1.227-1.387,2.526-1.387c2.703,0,3.203,1.779,3.203,4.092V18.338z\"><\/path><\/svg><span class=\"wp-block-social-link-label screen-reader-text\">LinkedIn<\/span><\/a><\/li>\n\n<li class=\"wp-social-link wp-social-link-chain  wp-block-social-link\"><a href=\"https:\/\/www.nemos.lu\" class=\"wp-block-social-link-anchor\"><svg width=\"24\" height=\"24\" viewbox=\"0 0 24 24\" version=\"1.1\" xmlns=\"http:\/\/www.w3.org\/2000\/svg\" aria-hidden=\"true\" focusable=\"false\"><path d=\"M15.6,7.2H14v1.5h1.6c2,0,3.7,1.7,3.7,3.7s-1.7,3.7-3.7,3.7H14v1.5h1.6c2.8,0,5.2-2.3,5.2-5.2,0-2.9-2.3-5.2-5.2-5.2zM4.7,12.4c0-2,1.7-3.7,3.7-3.7H10V7.2H8.4c-2.9,0-5.2,2.3-5.2,5.2,0,2.9,2.3,5.2,5.2,5.2H10v-1.5H8.4c-2,0-3.7-1.7-3.7-3.7zm4.6.9h5.3v-1.5H9.3v1.5z\"><\/path><\/svg><span class=\"wp-block-social-link-label screen-reader-text\">Website<\/span><\/a><\/li><\/ul>\n<\/div><\/div>\n\n\n\n<p><\/p>","protected":false},"excerpt":{"rendered":"<p>We proudly operate two sushi restaurants across Luxembourg, each offering a unique atmosphere while staying true to the highest standards of Japanese culinary tradition. Whether you&#8217;re dining in or enjoying &hellip; <\/p>\n<p class=\"link-more\"><a href=\"https:\/\/sushi.lu\/fr\/our-restaurants\/\" class=\"more-link\">Lire la suite de<span class=\"screen-reader-text\">\u00ab\u00a0Our Restaurants\u00a0\u00bb<\/span><\/a><\/p>","protected":false},"author":3,"featured_media":6969,"parent":0,"menu_order":0,"comment_status":"closed","ping_status":"closed","template":"","meta":{"_price":"","_stock":"","_tribe_ticket_header":"","_tribe_default_ticket_provider":"","_tribe_ticket_capacity":"0","_ticket_start_date":"","_ticket_end_date":"","_tribe_ticket_show_description":"","_tribe_ticket_show_not_going":false,"_tribe_ticket_use_global_stock":"","_tribe_ticket_global_stock_level":"","_global_stock_mode":"","_global_stock_cap":"","_tribe_rsvp_for_event":"","_tribe_ticket_going_count":"","_tribe_ticket_not_going_count":"","_tribe_tickets_list":"[]","_tribe_ticket_has_attendee_info_fields":false,"_themeisle_gutenberg_block_has_review":false,"inspiro_hide_title":false,"footnotes":"","_tec_slr_enabled":"","_tec_slr_layout":""},"class_list":["post-6996","page","type-page","status-publish","has-post-thumbnail","hentry"],"yoast_head":"<!-- This site is optimized with the Yoast SEO plugin v27.4 - https:\/\/yoast.com\/product\/yoast-seo-wordpress\/ -->\n<title>Our Restaurants - Sushi Luxembourg<\/title>\n<meta name=\"description\" content=\"We proudly operate three sushi restaurants across Luxembourg. Whether you&#039;re dining in or enjoying sushi at home, we&#039;ve got you covered.\" \/>\n<meta name=\"robots\" content=\"index, follow, max-snippet:-1, max-image-preview:large, max-video-preview:-1\" \/>\n<link rel=\"canonical\" href=\"https:\/\/sushi.lu\/fr\/our-restaurants\/\" \/>\n<meta property=\"og:locale\" content=\"fr_FR\" \/>\n<meta property=\"og:type\" content=\"article\" \/>\n<meta property=\"og:title\" content=\"Our Restaurants - Sushi Luxembourg\" \/>\n<meta property=\"og:description\" content=\"We proudly operate three sushi restaurants across Luxembourg. Whether you&#039;re dining in or enjoying sushi at home, we&#039;ve got you covered.\" \/>\n<meta property=\"og:url\" content=\"https:\/\/sushi.lu\/fr\/our-restaurants\/\" \/>\n<meta property=\"og:site_name\" content=\"Sushi Luxembourg\" \/>\n<meta property=\"article:modified_time\" content=\"2025-07-28T14:26:07+00:00\" \/>\n<meta property=\"og:image\" content=\"https:\/\/sushi.lu\/wp-content\/uploads\/2025\/04\/beautiful-sushi-wallpaper_112712553_82.jpg\" \/>\n\t<meta property=\"og:image:width\" content=\"1920\" \/>\n\t<meta property=\"og:image:height\" content=\"1080\" \/>\n\t<meta property=\"og:image:type\" content=\"image\/jpeg\" \/>\n<meta name=\"twitter:card\" content=\"summary_large_image\" \/>\n<meta name=\"twitter:label1\" content=\"Dur\u00e9e de lecture estim\u00e9e\" \/>\n\t<meta name=\"twitter:data1\" content=\"1 minute\" \/>\n<script type=\"application\/ld+json\" class=\"yoast-schema-graph\">{\"@context\":\"https:\\\/\\\/schema.org\",\"@graph\":[{\"@type\":\"WebPage\",\"@id\":\"https:\\\/\\\/sushi.lu\\\/our-restaurants\\\/\",\"url\":\"https:\\\/\\\/sushi.lu\\\/our-restaurants\\\/\",\"name\":\"Our Restaurants - Sushi Luxembourg\",\"isPartOf\":{\"@id\":\"https:\\\/\\\/sushi.lu\\\/#website\"},\"primaryImageOfPage\":{\"@id\":\"https:\\\/\\\/sushi.lu\\\/our-restaurants\\\/#primaryimage\"},\"image\":{\"@id\":\"https:\\\/\\\/sushi.lu\\\/our-restaurants\\\/#primaryimage\"},\"thumbnailUrl\":\"https:\\\/\\\/sushi.lu\\\/wp-content\\\/uploads\\\/2025\\\/04\\\/beautiful-sushi-wallpaper_112712553_82.jpg\",\"datePublished\":\"2025-04-16T16:42:40+00:00\",\"dateModified\":\"2025-07-28T14:26:07+00:00\",\"description\":\"We proudly operate three sushi restaurants across Luxembourg. Whether you're dining in or enjoying sushi at home, we've got you covered.\",\"breadcrumb\":{\"@id\":\"https:\\\/\\\/sushi.lu\\\/our-restaurants\\\/#breadcrumb\"},\"inLanguage\":\"fr-FR\",\"potentialAction\":[{\"@type\":\"ReadAction\",\"target\":[\"https:\\\/\\\/sushi.lu\\\/our-restaurants\\\/\"]}]},{\"@type\":\"ImageObject\",\"inLanguage\":\"fr-FR\",\"@id\":\"https:\\\/\\\/sushi.lu\\\/our-restaurants\\\/#primaryimage\",\"url\":\"https:\\\/\\\/sushi.lu\\\/wp-content\\\/uploads\\\/2025\\\/04\\\/beautiful-sushi-wallpaper_112712553_82.jpg\",\"contentUrl\":\"https:\\\/\\\/sushi.lu\\\/wp-content\\\/uploads\\\/2025\\\/04\\\/beautiful-sushi-wallpaper_112712553_82.jpg\",\"width\":1920,\"height\":1080},{\"@type\":\"BreadcrumbList\",\"@id\":\"https:\\\/\\\/sushi.lu\\\/our-restaurants\\\/#breadcrumb\",\"itemListElement\":[{\"@type\":\"ListItem\",\"position\":1,\"name\":\"Home\",\"item\":\"https:\\\/\\\/sushi.lu\\\/\"},{\"@type\":\"ListItem\",\"position\":2,\"name\":\"Our Restaurants\"}]},{\"@type\":\"WebSite\",\"@id\":\"https:\\\/\\\/sushi.lu\\\/#website\",\"url\":\"https:\\\/\\\/sushi.lu\\\/\",\"name\":\"Sushi Luxembourg\",\"description\":\"we love sushi\",\"publisher\":{\"@id\":\"https:\\\/\\\/sushi.lu\\\/#organization\"},\"potentialAction\":[{\"@type\":\"SearchAction\",\"target\":{\"@type\":\"EntryPoint\",\"urlTemplate\":\"https:\\\/\\\/sushi.lu\\\/?s={search_term_string}\"},\"query-input\":{\"@type\":\"PropertyValueSpecification\",\"valueRequired\":true,\"valueName\":\"search_term_string\"}}],\"inLanguage\":\"fr-FR\"},{\"@type\":\"Organization\",\"@id\":\"https:\\\/\\\/sushi.lu\\\/#organization\",\"name\":\"Sushi Luxembourg\",\"url\":\"https:\\\/\\\/sushi.lu\\\/\",\"logo\":{\"@type\":\"ImageObject\",\"inLanguage\":\"fr-FR\",\"@id\":\"https:\\\/\\\/sushi.lu\\\/#\\\/schema\\\/logo\\\/image\\\/\",\"url\":\"https:\\\/\\\/sushi.lu\\\/wp-content\\\/uploads\\\/2025\\\/04\\\/SIL-LOGO-blackred_Plan-de-travail-1-e1744454095467.png\",\"contentUrl\":\"https:\\\/\\\/sushi.lu\\\/wp-content\\\/uploads\\\/2025\\\/04\\\/SIL-LOGO-blackred_Plan-de-travail-1-e1744454095467.png\",\"width\":500,\"height\":253,\"caption\":\"Sushi Luxembourg\"},\"image\":{\"@id\":\"https:\\\/\\\/sushi.lu\\\/#\\\/schema\\\/logo\\\/image\\\/\"}}]}<\/script>\n<!-- \/ Yoast SEO plugin. -->","yoast_head_json":{"title":"Our Restaurants - Sushi Luxembourg","description":"We proudly operate three sushi restaurants across Luxembourg. Whether you're dining in or enjoying sushi at home, we've got you covered.","robots":{"index":"index","follow":"follow","max-snippet":"max-snippet:-1","max-image-preview":"max-image-preview:large","max-video-preview":"max-video-preview:-1"},"canonical":"https:\/\/sushi.lu\/fr\/our-restaurants\/","og_locale":"fr_FR","og_type":"article","og_title":"Our Restaurants - Sushi Luxembourg","og_description":"We proudly operate three sushi restaurants across Luxembourg. Whether you're dining in or enjoying sushi at home, we've got you covered.","og_url":"https:\/\/sushi.lu\/fr\/our-restaurants\/","og_site_name":"Sushi Luxembourg","article_modified_time":"2025-07-28T14:26:07+00:00","og_image":[{"width":1920,"height":1080,"url":"https:\/\/sushi.lu\/wp-content\/uploads\/2025\/04\/beautiful-sushi-wallpaper_112712553_82.jpg","type":"image\/jpeg"}],"twitter_card":"summary_large_image","twitter_misc":{"Dur\u00e9e de lecture estim\u00e9e":"1 minute"},"schema":{"@context":"https:\/\/schema.org","@graph":[{"@type":"WebPage","@id":"https:\/\/sushi.lu\/our-restaurants\/","url":"https:\/\/sushi.lu\/our-restaurants\/","name":"Our Restaurants - Sushi Luxembourg","isPartOf":{"@id":"https:\/\/sushi.lu\/#website"},"primaryImageOfPage":{"@id":"https:\/\/sushi.lu\/our-restaurants\/#primaryimage"},"image":{"@id":"https:\/\/sushi.lu\/our-restaurants\/#primaryimage"},"thumbnailUrl":"https:\/\/sushi.lu\/wp-content\/uploads\/2025\/04\/beautiful-sushi-wallpaper_112712553_82.jpg","datePublished":"2025-04-16T16:42:40+00:00","dateModified":"2025-07-28T14:26:07+00:00","description":"We proudly operate three sushi restaurants across Luxembourg. Whether you're dining in or enjoying sushi at home, we've got you covered.","breadcrumb":{"@id":"https:\/\/sushi.lu\/our-restaurants\/#breadcrumb"},"inLanguage":"fr-FR","potentialAction":[{"@type":"ReadAction","target":["https:\/\/sushi.lu\/our-restaurants\/"]}]},{"@type":"ImageObject","inLanguage":"fr-FR","@id":"https:\/\/sushi.lu\/our-restaurants\/#primaryimage","url":"https:\/\/sushi.lu\/wp-content\/uploads\/2025\/04\/beautiful-sushi-wallpaper_112712553_82.jpg","contentUrl":"https:\/\/sushi.lu\/wp-content\/uploads\/2025\/04\/beautiful-sushi-wallpaper_112712553_82.jpg","width":1920,"height":1080},{"@type":"BreadcrumbList","@id":"https:\/\/sushi.lu\/our-restaurants\/#breadcrumb","itemListElement":[{"@type":"ListItem","position":1,"name":"Home","item":"https:\/\/sushi.lu\/"},{"@type":"ListItem","position":2,"name":"Our Restaurants"}]},{"@type":"WebSite","@id":"https:\/\/sushi.lu\/#website","url":"https:\/\/sushi.lu\/","name":"Sushi Luxembourg","description":"we love sushi","publisher":{"@id":"https:\/\/sushi.lu\/#organization"},"potentialAction":[{"@type":"SearchAction","target":{"@type":"EntryPoint","urlTemplate":"https:\/\/sushi.lu\/?s={search_term_string}"},"query-input":{"@type":"PropertyValueSpecification","valueRequired":true,"valueName":"search_term_string"}}],"inLanguage":"fr-FR"},{"@type":"Organization","@id":"https:\/\/sushi.lu\/#organization","name":"Sushi Luxembourg","url":"https:\/\/sushi.lu\/","logo":{"@type":"ImageObject","inLanguage":"fr-FR","@id":"https:\/\/sushi.lu\/#\/schema\/logo\/image\/","url":"https:\/\/sushi.lu\/wp-content\/uploads\/2025\/04\/SIL-LOGO-blackred_Plan-de-travail-1-e1744454095467.png","contentUrl":"https:\/\/sushi.lu\/wp-content\/uploads\/2025\/04\/SIL-LOGO-blackred_Plan-de-travail-1-e1744454095467.png","width":500,"height":253,"caption":"Sushi Luxembourg"},"image":{"@id":"https:\/\/sushi.lu\/#\/schema\/logo\/image\/"}}]}},"jetpack_sharing_enabled":true,"ticketed":false,"_links":{"self":[{"href":"https:\/\/sushi.lu\/fr\/wp-json\/wp\/v2\/pages\/6996","targetHints":{"allow":["GET"]}}],"collection":[{"href":"https:\/\/sushi.lu\/fr\/wp-json\/wp\/v2\/pages"}],"about":[{"href":"https:\/\/sushi.lu\/fr\/wp-json\/wp\/v2\/types\/page"}],"author":[{"embeddable":true,"href":"https:\/\/sushi.lu\/fr\/wp-json\/wp\/v2\/users\/3"}],"replies":[{"embeddable":true,"href":"https:\/\/sushi.lu\/fr\/wp-json\/wp\/v2\/comments?post=6996"}],"version-history":[{"count":10,"href":"https:\/\/sushi.lu\/fr\/wp-json\/wp\/v2\/pages\/6996\/revisions"}],"predecessor-version":[{"id":7160,"href":"https:\/\/sushi.lu\/fr\/wp-json\/wp\/v2\/pages\/6996\/revisions\/7160"}],"wp:featuredmedia":[{"embeddable":true,"href":"https:\/\/sushi.lu\/fr\/wp-json\/wp\/v2\/media\/6969"}],"wp:attachment":[{"href":"https:\/\/sushi.lu\/fr\/wp-json\/wp\/v2\/media?parent=6996"}],"curies":[{"name":"wp","href":"https:\/\/api.w.org\/{rel}","templated":true}]}}